{"id":3707,"date":"2022-03-24T10:58:29","date_gmt":"2022-03-24T09:58:29","guid":{"rendered":"http:\/\/fwa-harmonies.net\/?page_id=3707"},"modified":"2022-06-01T20:52:40","modified_gmt":"2022-06-01T18:52:40","slug":"notre-footprint","status":"publish","type":"page","link":"https:\/\/fwa-harmonies.net\/?page_id=3707","title":{"rendered":"Notre Footprint"},"content":{"rendered":"\t\t<div data-elementor-type=\"wp-page\" data-elementor-id=\"3707\" class=\"elementor elementor-3707\">\n\t\t\t\t\t\t\t\t\t<section class=\"elementor-section elementor-top-section elementor-element elementor-element-3ab30a89 elementor-section-full_width elementor-section-height-default elementor-section-height-default\" data-id=\"3ab30a89\" data-element_type=\"section\">\n\t\t\t\t\t\t<div class=\"elementor-container elementor-column-gap-no\">\n\t\t\t\t\t<div class=\"elementor-column elementor-col-100 elementor-top-column elementor-element elementor-element-252d645\" data-id=\"252d645\" data-element_type=\"column\">\n\t\t\t<div class=\"elementor-widget-wrap elementor-element-populated\">\n\t\t\t\t\t\t\t\t<div class=\"elementor-element elementor-element-7b5d7f96 elementor-align-left elementor-widget elementor-widget-obelisk-title\" data-id=\"7b5d7f96\" data-element_type=\"widget\" data-widget_type=\"obelisk-title.default\">\n\t\t\t\t<div class=\"elementor-widget-container\">\n\t\t\t\r\n\r\n<div class=\"obelisk-header style-4\">\r\n    <div class=\"pages-header bg-img valign parallaxie\" data-background=\"http:\/\/fwa-harmonies.net\/wp-content\/uploads\/2022\/03\/Footprint.jpg\" data-overlay-dark=\"5\">\r\n        <div class=\"container\">\r\n            <div class=\"row\">\r\n                <div class=\"col-lg-12\">\r\n                    <div class=\"cont text-center\">\r\n                        <h1>Notre Footprint<\/h1>\r\n                        <div class=\"path\">\r\n                            <span class=\" 1 breadcrumb-first\"><a href=\"https:\/\/fwa-harmonies.net\/\"> Home<\/a><\/span><em> \/ <\/em>                        <\/div>\r\n                    <\/div>\r\n                <\/div>\r\n            <\/div>\r\n        <\/div>\r\n    <\/div>\r\n<\/div>\t\t<\/div>\n\t\t\t\t<\/div>\n\t\t\t\t\t<\/div>\n\t\t<\/div>\n\t\t\t\t\t\t\t<\/div>\n\t\t<\/section>\n\t\t\t\t<section class=\"elementor-section elementor-top-section elementor-element elementor-element-c5b38b8 elementor-section-boxed elementor-section-height-default elementor-section-height-default\" data-id=\"c5b38b8\" data-element_type=\"section\">\n\t\t\t\t\t\t<div class=\"elementor-container elementor-column-gap-default\">\n\t\t\t\t\t<div class=\"elementor-column elementor-col-100 elementor-top-column elementor-element elementor-element-1472cb3\" data-id=\"1472cb3\" data-element_type=\"column\">\n\t\t\t<div class=\"elementor-widget-wrap elementor-element-populated\">\n\t\t\t\t\t\t\t\t<div class=\"elementor-element elementor-element-aa5c825 elementor-widget elementor-widget-obelisk-heading\" data-id=\"aa5c825\" data-element_type=\"widget\" data-widget_type=\"obelisk-heading.default\">\n\t\t\t\t<div class=\"elementor-widget-container\">\n\t\t\t\r\n<h1 class='obelisk-heading style-1 ' >\r\n    Nous sommes un r\u00e9seau au service de vos marques <\/h1>\r\n\t\t<\/div>\n\t\t\t\t<\/div>\n\t\t\t\t\t<\/div>\n\t\t<\/div>\n\t\t\t\t\t\t\t<\/div>\n\t\t<\/section>\n\t\t\t\t<section class=\"elementor-section elementor-top-section elementor-element elementor-element-4176259 elementor-section-boxed elementor-section-height-default elementor-section-height-default\" data-id=\"4176259\" data-element_type=\"section\">\n\t\t\t\t\t\t<div class=\"elementor-container elementor-column-gap-default\">\n\t\t\t\t\t<div class=\"elementor-column elementor-col-50 elementor-top-column elementor-element elementor-element-efbd254\" data-id=\"efbd254\" data-element_type=\"column\">\n\t\t\t<div class=\"elementor-widget-wrap elementor-element-populated\">\n\t\t\t\t\t\t\t\t<div class=\"elementor-element elementor-element-3c93024 elementor-align-left elementor-invisible elementor-widget elementor-widget-obelisk-title\" data-id=\"3c93024\" data-element_type=\"widget\" data-settings=\"{&quot;_animation&quot;:&quot;none&quot;}\" data-widget_type=\"obelisk-title.default\">\n\t\t\t\t<div class=\"elementor-widget-container\">\n\t\t\t \r\n<div class=\"obelisk-title style-1 \">\r\n\r\n\t\r\n        <p class=\"wow txt\" data-splitting>Harmonies est b\u00e2tie pour \u00eatre une agence m\u00e9dia ind\u00e9pendante. Notre agence a \u00e9t\u00e9 fond\u00e9e dans le but d'offrir plus qu'un service d'achat d'espace. Nous ambitionnons de cr\u00e9er plus de valeur autant pour les marques que les consommateurs. Aussi, notre travail est-il soutenu par des donn\u00e9es pr\u00e9cises et une strat\u00e9gie solide. <\/br>\n<\/br>\nHarmonie offre actuellement ses services  \u00e0 travers l\u2019Afrique Subsaharienne notamment en C\u00f4te d'Ivoire, au B\u00e9nin, au Togo, au S\u00e9n\u00e9gal, au Burkina-Faso, au Mali et en Afrique Centrale notamment au Congo (Brazaville) et en R\u00e9publique D\u00e9mocratique du Congo.<\/p>\r\n\t<\/div>\t\t<\/div>\n\t\t\t\t<\/div>\n\t\t\t\t\t<\/div>\n\t\t<\/div>\n\t\t\t\t<div class=\"elementor-column elementor-col-50 elementor-top-column elementor-element elementor-element-9bdf2d0\" data-id=\"9bdf2d0\" data-element_type=\"column\">\n\t\t\t<div class=\"elementor-widget-wrap elementor-element-populated\">\n\t\t\t\t\t\t\t\t<div class=\"elementor-element elementor-element-361e310 elementor-widget elementor-widget-image\" data-id=\"361e310\" data-element_type=\"widget\" data-widget_type=\"image.default\">\n\t\t\t\t<div class=\"elementor-widget-container\">\n\t\t\t<style>\/*! elementor - v3.6.5 - 27-04-2022 *\/\n.elementor-widget-image{text-align:center}.elementor-widget-image a{display:inline-block}.elementor-widget-image a img[src$=\".svg\"]{width:48px}.elementor-widget-image img{vertical-align:middle;display:inline-block}<\/style>\t\t\t\t\t\t\t\t\t\t\t\t<img loading=\"lazy\" decoding=\"async\" width=\"1024\" height=\"1024\" src=\"https:\/\/fwa-harmonies.net\/wp-content\/uploads\/2022\/06\/footprint_harmonies.gif\" class=\"attachment-large size-large\" alt=\"\" \/>\t\t\t\t\t\t\t\t\t\t\t\t\t\t\t<\/div>\n\t\t\t\t<\/div>\n\t\t\t\t\t<\/div>\n\t\t<\/div>\n\t\t\t\t\t\t\t<\/div>\n\t\t<\/section>\n\t\t\t\t<section class=\"elementor-section elementor-top-section elementor-element elementor-element-1857d479 obelisk-section-mode2 elementor-section-boxed elementor-section-height-default elementor-section-height-default\" data-id=\"1857d479\" data-element_type=\"section\" data-settings=\"{&quot;background_background&quot;:&quot;classic&quot;}\">\n\t\t\t\t\t\t\t<div class=\"elementor-background-overlay\"><\/div>\n\t\t\t\t\t\t\t<div class=\"elementor-container elementor-column-gap-default\">\n\t\t\t\t\t<div class=\"elementor-column elementor-col-50 elementor-top-column elementor-element elementor-element-7f1e7d6c\" data-id=\"7f1e7d6c\" data-element_type=\"column\">\n\t\t\t<div class=\"elementor-widget-wrap elementor-element-populated\">\n\t\t\t\t\t\t\t\t<div class=\"elementor-element elementor-element-38a2bcf4 elementor-widget elementor-widget-heading\" data-id=\"38a2bcf4\" data-element_type=\"widget\" data-widget_type=\"heading.default\">\n\t\t\t\t<div class=\"elementor-widget-container\">\n\t\t\t<style>\/*! elementor - v3.6.5 - 27-04-2022 *\/\n.elementor-heading-title{padding:0;margin:0;line-height:1}.elementor-widget-heading .elementor-heading-title[class*=elementor-size-]>a{color:inherit;font-size:inherit;line-height:inherit}.elementor-widget-heading .elementor-heading-title.elementor-size-small{font-size:15px}.elementor-widget-heading .elementor-heading-title.elementor-size-medium{font-size:19px}.elementor-widget-heading .elementor-heading-title.elementor-size-large{font-size:29px}.elementor-widget-heading .elementor-heading-title.elementor-size-xl{font-size:39px}.elementor-widget-heading .elementor-heading-title.elementor-size-xxl{font-size:59px}<\/style><h2 class=\"elementor-heading-title elementor-size-default\">ENTRONS EN CONTACT<\/h2>\t\t<\/div>\n\t\t\t\t<\/div>\n\t\t\t\t<div class=\"elementor-element elementor-element-4692a6cd elementor-align-left elementor-invisible elementor-widget elementor-widget-obelisk-title\" data-id=\"4692a6cd\" data-element_type=\"widget\" data-settings=\"{&quot;_animation&quot;:&quot;none&quot;}\" data-widget_type=\"obelisk-title.default\">\n\t\t\t\t<div class=\"elementor-widget-container\">\n\t\t\t\r\n\r\n<div class=\"obelisk-title style-2\">\r\n\t<h2 class=\" no-animation custom-font\" data-splitting>Maintenant, parlons un peu de <b>votre prochain projet<\/b><\/h2>\r\n<\/div>\t\t<\/div>\n\t\t\t\t<\/div>\n\t\t\t\t\t<\/div>\n\t\t<\/div>\n\t\t\t\t<div class=\"elementor-column elementor-col-50 elementor-top-column elementor-element elementor-element-2e11bcf6\" data-id=\"2e11bcf6\" data-element_type=\"column\">\n\t\t\t<div class=\"elementor-widget-wrap elementor-element-populated\">\n\t\t\t\t\t\t\t\t<div class=\"elementor-element elementor-element-1a20ff97 elementor-align-left elementor-widget elementor-widget-obelisk-button\" data-id=\"1a20ff97\" data-element_type=\"widget\" data-widget_type=\"obelisk-button.default\">\n\t\t\t\t<div class=\"elementor-widget-container\">\n\t\t\t\r\n<div >\r\n\t<a href=\"http:\/\/fwa-harmonies.net\/?page_id=3108\" class=\"obelisk-button style-1 btn-lit mode-\" data-wow-delay=\".5s\">\r\n\r\n\t\t<span>CONTACTEZ-NOUS<\/span>\r\n\t<\/a> \r\n<\/div>\t\t<\/div>\n\t\t\t\t<\/div>\n\t\t\t\t\t<\/div>\n\t\t<\/div>\n\t\t\t\t\t\t\t<\/div>\n\t\t<\/section>\n\t\t\t\t\t\t\t<\/div>\n\t\t","protected":false},"excerpt":{"rendered":"<p>Notre Footprint Home \/ Nous sommes un r\u00e9seau au service de vos marques Harmonies est b\u00e2tie pour \u00eatre une agence m\u00e9dia ind\u00e9pendante. Notre agence a \u00e9t\u00e9 fond\u00e9e dans le but d&#8217;offrir plus qu&#8217;un service d&#8217;achat d&#8217;espace. Nous ambitionnons de cr\u00e9er plus de valeur autant pour les marques que les consommateurs. Aussi, notre travail est-il soutenu par des donn\u00e9es pr\u00e9cises et &hellip;<\/p>\n","protected":false},"author":1,"featured_media":0,"parent":0,"menu_order":0,"comment_status":"closed","ping_status":"closed","template":"blank-builder.php","meta":{"_monsterinsights_skip_tracking":false,"_monsterinsights_sitenote_active":false,"_monsterinsights_sitenote_note":"","_monsterinsights_sitenote_category":0,"footnotes":""},"class_list":["post-3707","page","type-page","status-publish","hentry"],"_links":{"self":[{"href":"https:\/\/fwa-harmonies.net\/index.php?rest_route=\/wp\/v2\/pages\/3707","targetHints":{"allow":["GET"]}}],"collection":[{"href":"https:\/\/fwa-harmonies.net\/index.php?rest_route=\/wp\/v2\/pages"}],"about":[{"href":"https:\/\/fwa-harmonies.net\/index.php?rest_route=\/wp\/v2\/types\/page"}],"author":[{"embeddable":true,"href":"https:\/\/fwa-harmonies.net\/index.php?rest_route=\/wp\/v2\/users\/1"}],"replies":[{"embeddable":true,"href":"https:\/\/fwa-harmonies.net\/index.php?rest_route=%2Fwp%2Fv2%2Fcomments&post=3707"}],"version-history":[{"count":19,"href":"https:\/\/fwa-harmonies.net\/index.php?rest_route=\/wp\/v2\/pages\/3707\/revisions"}],"predecessor-version":[{"id":3810,"href":"https:\/\/fwa-harmonies.net\/index.php?rest_route=\/wp\/v2\/pages\/3707\/revisions\/3810"}],"wp:attachment":[{"href":"https:\/\/fwa-harmonies.net\/index.php?rest_route=%2Fwp%2Fv2%2Fmedia&parent=3707"}],"curies":[{"name":"wp","href":"https:\/\/api.w.org\/{rel}","templated":true}]}}